{"id":247,"date":"2012-04-24T13:44:17","date_gmt":"2012-04-24T13:44:17","guid":{"rendered":"http:\/\/s407518740.online.de\/wordpress\/?page_id=247"},"modified":"2025-09-24T10:47:04","modified_gmt":"2025-09-24T09:47:04","slug":"rollen","status":"publish","type":"page","link":"https:\/\/www.StefanLorch.de\/?page_id=247","title":{"rendered":"Rollen"},"content":{"rendered":"<p><strong>ULYSSE 2\u00a0 <span style=\"color: #ff0000;\">PENELOPE<\/span>\u00a0 Regie Andrea Breth BAYERISCHE STAATSOPER<\/strong><\/p>\n<p><strong>TOD <span style=\"color: #ff0000;\">JEDERMANN<\/span> Regie Christian Doll Freilichtspiele Schw\u00e4bisch Hall<\/strong><\/p>\n<p><strong>Alfred Ill <span style=\"color: #ff0000;\">BESUCH DER ALTEN DAME<\/span> R. Martin Kindervater Mainfrankentheater W\u00fcrzburg<\/strong><\/p>\n<p><strong>Beckmann Elbe Gott Oberst Einbeiniger <span style=\"color: #ff0000;\">DRAUSSEN VOR DER T\u00dcR<\/span> Regie Sascha Hawemann<\/strong><\/p>\n<p><strong>Merkl Franz <span style=\"color: #ff0000;\">KASIMIR UND KAROLINE<\/span> Horvath Regie Georg Schmiedleitner<\/strong><\/p>\n<p><strong>Biedermann <span style=\"color: #ff0000;\">BIEDERMANN UND DIE BRANDSTIFTER<\/span> Max Frisch Regie Christoph Mehler<\/strong><\/p>\n<p><strong><span style=\"color: #333333;\"><span style=\"color: #ffffff;\">Theaterdirektor Hassenreuther<\/span>\u00a0<span style=\"color: #ff0000;\">DIE RATTEN <span style=\"color: #ffffff;\">Hauptmann Regie Sascha Hawemann<\/span><\/span><\/span><\/strong><\/p>\n<p><strong>Horvath\u00a0<span style=\"color: #ff0000;\">SCH\u00d6NHEIT <span style=\"color: #ffffff;\">Nino\u00a0Haratischwili Regie Petra Luisa Meyer<\/span><\/span><\/strong><\/p>\n<p><strong>Ibsen\/Morten Kiiel \u00a0<span style=\"color: #ff0000;\">VOLKSFEIND<span style=\"color: #999999;\">\u00a0<span style=\"color: #fcfcfc;\">Henrik Ibsen Regie Sascha Hawemann<\/span>\u00a0<\/span><\/span><\/strong><\/p>\n<p><strong><span style=\"color: #ff0000;\">WILHELM TELL<\/span>\u00a0Schiller Regie Volker Schmal\u00f6r<\/strong><\/p>\n<p><strong>Regisseur Dahlheimer <span style=\"color: #ff0000;\">DER NACKTE WAHNSINN<\/span> Michael\u00a0Frayn Regie Petra Luisa Meyer<\/strong><\/p>\n<p><strong>Viehfahrer Rabanta <span style=\"color: #ff0000;\">DAS FLEISCHWERK<\/span> Christoph Nussbaumeder Regie Markus Heinzelmann<\/strong><\/p>\n<p><strong><span style=\"color: #ff0000;\">KINDER DER SONNE\/NACHTASYL<\/span> Maxim Gorki Regie Sascha Hawemann<\/strong><\/p>\n<p><strong><span style=\"color: #ff0000;\">DAS K\u00c4THCHEN VON HEILBRONN<\/span>\u00a0Regie Bettina Brunier <\/strong><\/p>\n<p><strong>Michael Weber <span style=\"color: #ff0000;\">AUS LIEBE (DE)<\/span> Peter Turrini Regie Markus Heinzelmann<\/strong><\/p>\n<p><strong>Ed <span style=\"color: #ff0000;\">SUPERGUTE TAGE<\/span>\u00a0Mark Haddon Regie Christoph Mehler <\/strong><\/p>\n<p><strong>Holger Holz <span style=\"color: #ff0000;\">X-FREUNDE<\/span> Felicia Zeller Regie Jakob Fedler<\/strong><\/p>\n<p><strong>Willy Lohman <\/strong><span style=\"color: #ff0000;\"><strong>TOD EINES HANDLUNGSREISENDEN\u00a0<\/strong><span style=\"color: #f0f0f0;\"><strong>A. Miller\u00a0Regie Sascha Hawemann<\/strong><\/span><\/span><\/p>\n<p><strong>Kleist <\/strong><span style=\"color: #ff0000;\"><strong>EINIGE NACHRICHTEN AN DAS ALL\u00a0<\/strong><span style=\"color: #f0f0f0;\"><strong>W<\/strong><strong>olfram Lotz Regie Markus Heinzelmann\u00a0<\/strong><\/span><\/span><\/p>\n<p><strong>Tessman <span style=\"color: #ff0000;\">HEDDA GABLER<\/span> Henrik Ibsen Regie Christoph Mehler <\/strong><\/p>\n<p><strong><span style=\"color: #ff0000;\">SPORTST\u00dcCK<\/span> Elfriede Jelinek Regie Hermann Schmidt-Rahmer<\/strong><\/p>\n<p><strong>Woyzeck<\/strong><span style=\"color: #888888;\"><strong> <span style=\"color: #ff0000;\">WOYZECK<\/span> <\/strong><\/span><strong>B\u00fcchner Regie Christoph Mehler<\/strong><\/p>\n<p><strong>Wurm<\/strong><span style=\"color: #888888;\"><strong> <span style=\"color: #ff0000;\">KABALE UND LIEBE<\/span> <\/strong><\/span><strong>Schiller Regie Christoph Mehler<\/strong><\/p>\n<p><strong>Ed <span style=\"color: #ff0000;\">SUPERGUTE TAGE<\/span> Mark Haddon Regie Christoph Mehler<br \/>\n<\/strong><\/p>\n<p><strong>Holger <span style=\"color: #ff0000;\">X-FREUNDE<\/span> Felicia Zeller Regie Jakob Fedler\u00a0<\/strong><\/p>\n<p><strong>Danny<\/strong><span style=\"color: #888888;\"><strong> <span style=\"color: #ff0000;\">WAISEN (DE)<\/span> <\/strong><\/span><strong>Dennis Kelly Regie Caro Thum<\/strong><\/p>\n<p><strong>Bleichenwang<\/strong><span style=\"color: #888888;\"><span style=\"color: #ff0000;\"><strong> WAS IHR WOLLT <\/strong><\/span><\/span><strong>Shakespeare<\/strong><strong> Regie <\/strong><strong>Stefan Otteni<\/strong><\/p>\n<p><strong><span style=\"color: #ff0000;\">DIE WIEDERVEREINIGUNG DER BEIDEN KOREAS<\/span> R. Klaus Kusenberg<\/strong><\/p>\n<p><span style=\"color: #888888;\"><span style=\"color: #ff0000;\"><strong>DIE KONTRAKTE DES KAUFMANNS <\/strong><\/span><\/span><strong>Elfriede Jelinek <\/strong><strong>Regie<\/strong><strong> Stefan Otteni<\/strong><\/p>\n<p><span style=\"color: #888888;\"><span style=\"color: #ff0000;\"><strong>DIE ERMITTLUNG <\/strong><\/span><\/span><strong>Peter Weiss <\/strong><strong>Regie <\/strong><strong>Kathrin M\u00e4dler<\/strong><\/p>\n<p><span style=\"color: #ff0000;\"><strong>PRIDE (DSE) <\/strong><\/span><strong>Alexi\u00a0 Kaye Campbell Regie Maik Priebe<\/strong><\/p>\n<p><strong>Gerd\u00a0 <\/strong><span style=\"color: #ea0000;\"><strong>R\u00dcCKENSCHWIMMER (UA) <\/strong><\/span><strong>Jan Decker Regie Cordula Jung<\/strong><\/p>\n<p><strong>James<\/strong><strong>\u00a0 <\/strong><span style=\"color: #ff0000;\"><strong>DAS PRODUKT<\/strong><\/span><strong>\u00a0\u00a0Monolog von Marc Ravenhill<\/strong> <strong>Regie<\/strong><strong> Cordula Jung<\/strong><\/p>\n<p><strong>Christian <\/strong><span style=\"color: #ff0000;\"><strong>DAS FEST <\/strong><\/span><strong>Vinterberg\/Rukov<\/strong> <strong>Regie<\/strong> <strong>Albert Lang<\/strong><\/p>\n<p><strong>Priester <span style=\"color: #ff0000;\">DIE GROSSE KISTE (UA)<\/span>\u00a0Franzobel Regie Kay Neumann<\/strong><\/p>\n<p><span style=\"color: #ff0000;\"><strong>DER KICK<\/strong><\/span>\u00a0 <strong>Veiel\/Schmidt<\/strong> <strong>Regie<\/strong><strong> Kay Neumann<\/strong><\/p>\n<p><strong>Tellheim <\/strong><strong>\u00a0<\/strong><span style=\"color: #ff0000;\"><strong>MINNA VON BARNHELM <\/strong><\/span><strong>Lessing<\/strong> <strong>Regie<\/strong><strong> Klaus Kusenberg<\/strong><\/p>\n<p><strong>Wolfgang<\/strong> <span style=\"color: #ff0000;\"><strong>VOR SONNENUNTERGANG <\/strong><\/span><strong>Hauptmann<\/strong> <strong>Regie<\/strong><strong> Andreas v. Studnitz<\/strong><\/p>\n<p><strong>Clavigo<\/strong> <span style=\"color: #ff0000;\"><strong>CLAVIGO <\/strong><\/span><strong>Goethe<\/strong> <strong>Regie<\/strong> <strong>Peter Spuhler<\/strong><\/p>\n<p><strong>Faust<\/strong> <span style=\"color: #ff0000;\"><strong>FAUST I <\/strong><\/span><strong>Goethe<\/strong> <strong>Regie<\/strong> <strong>Goswin Moniac<\/strong><\/p>\n<p><span style=\"color: #ff0000;\"><strong>PROFESSOR BERNHARDI<\/strong><\/span><strong>\u00a0Schnitzler<\/strong> <strong>Regie<\/strong><strong> Stefan Otteni<\/strong><\/p>\n<p><strong>Angeklagter<\/strong> <span style=\"color: #ff0000;\"><strong>ROMANZE (DSE) <\/strong><\/span><strong>David Mamet<\/strong> <strong>Regie<\/strong><strong> Klaus Kusenberg<\/strong><\/p>\n<p><strong>Dobtschinskij\/Bobtschinskij <\/strong><span style=\"color: #ff0000;\"><strong>DER<\/strong> <strong>REVISOR <\/strong><\/span><strong>Gogol<\/strong> <strong>Regie<\/strong><strong> Cornelia Crombholz<\/strong><\/p>\n<p><strong>M\u00f6rder\/Stanley <span style=\"color: #ff0000;\">RICHARD III\u00a0<\/span>Shakespeare Regie Christoph Mehler<\/strong><\/p>\n<p><span style=\"color: #ff0000;\"><strong>MARIA STUART <\/strong><\/span><strong>Schiller <\/strong><strong>Regie<\/strong><strong> Stefan Otteni<\/strong><\/p>\n<p><strong>Mellefont<\/strong><span style=\"color: #ff0000;\"><strong>\u00a0 <\/strong><strong>MISS SARA SAMPSON <\/strong><\/span><strong>Lessing<\/strong> <strong>Regie<\/strong><strong> Andreas Nathusius<\/strong><\/p>\n<p><strong>Mortimer<\/strong> <span style=\"color: #ff0000;\"><strong>ARSEN UND SPITZENH\u00c4UBCHEN<\/strong><\/span><strong>\u00a0<\/strong><strong>Regie<\/strong><strong> Klaus Kusenberg<\/strong><\/p>\n<p><strong>Der Mann<\/strong> <span style=\"color: #ff0000;\"><strong>DAS M\u00c4DCHEN AUF DEM SOFA (UA)<\/strong><\/span><strong>\u00a0Jon Fosse<\/strong><strong> Regie<\/strong><strong> Dirk Schulz<\/strong><\/p>\n<p><strong>Dermot<\/strong> <span style=\"color: #ff0000;\"><strong>PORT AUTHORITY <\/strong><\/span><strong>Mc Pherson<\/strong> <strong>Regie<\/strong><strong> Alexander Schilling<\/strong><\/p>\n<p><strong>F\u00e4rber<\/strong><span style=\"color: #ff0000;\"> <strong>REPUBLIK VINETA<\/strong><\/span><strong>\u00a0Moritz Rinke<\/strong> <strong>Regie<\/strong> <strong>Klaus Kusenberg<\/strong><\/p>\n<p><span style=\"color: #ff0000;\"><strong>ERREGER\u00a0<\/strong><\/span><strong>\u00a0Monolog von Albert Ostermeier<\/strong> <strong>Regie<\/strong> <strong>A. Schilling<\/strong><\/p>\n<p><strong>L\u00f6we <span style=\"color: #ff0000;\">SOMMERNACHTSTRAUM<\/span>\u00a0Shakespeare Regie Cornelia Crombholz<\/strong><\/p>\n<p><span style=\"color: #ff0000;\"><strong>EIN TAG IM LEBEN DES FRANK COIN (DSE)<\/strong><\/span><strong>\u00a0<\/strong><strong>Owen McCafferty <\/strong><strong>Regie <\/strong><strong>Klaus Kusenberg<\/strong><\/p>\n<p><span style=\"color: #ff0000;\"><strong>UNSCHULD<\/strong><\/span>\u00a0<strong>Dea Loher<\/strong> <strong>Regie<\/strong> <strong>Georg Schmiedleitner<\/strong><\/p>\n<p><strong>M\u00fcller <\/strong><span style=\"color: #ff0000;\"><strong>TOPDOGS<\/strong><\/span>\u00a0<strong>Urs Widmer,<\/strong> <strong>Regie<\/strong> <strong>Andr\u00e9 B\u00fccker<\/strong><\/p>\n<p><strong>Zwei<\/strong><strong>\u00a0 <\/strong><span style=\"color: #ff0000;\"><strong>MEIN ONKEL BOB (UA)<\/strong>\u00a0<\/span><strong>Wilfried Happel<\/strong> <strong>Regie<\/strong> <strong>Petra Meyer <\/strong><\/p>\n<p><strong>K\u00f6nig<\/strong><span style=\"color: #ff0000;\"> <strong>DIE FROSCHK\u00d6NIGIN (UA)<\/strong><\/span>\u00a0<strong>Kerstin Specht<\/strong> <strong>Regie<\/strong> <strong>Antje Lenkeit<\/strong><\/p>\n<p><strong>Vater<\/strong> <span style=\"color: #ff0000;\"><strong>MUSST BOXEN (UA)<\/strong><\/span>\u00a0<strong>Claudius L\u00fcnstedt<\/strong> <strong>Regie<\/strong> <strong>Stephanie Mohr<\/strong><\/p>\n<p><strong>W\u00e4chter\/Bote<\/strong> <span style=\"color: #ff0000;\"><strong>ANTIGONE <\/strong><\/span><strong>Sophokles<\/strong> <strong>Regie<\/strong> <strong>Georg Schmiedleitner<\/strong><\/p>\n<p><strong>Prinz von Guastalla<\/strong><span style=\"color: #ff0000;\"> <strong>EMILIA GALOTTI <\/strong><\/span><strong>Lessing<\/strong> <strong>Regie<\/strong> <strong>Olga Wildgruber<\/strong><\/p>\n<p><strong>McMurphy<\/strong> <span style=\"color: #ff0000;\"><strong>EINER FLOG \u00dcBER DAS KUCKUCKSNEST <\/strong><\/span><strong>Wasserman Regie<\/strong> <strong>Markus Dietze<\/strong><\/p>\n<p><strong>Jimmy<\/strong> <span style=\"color: #ff0000;\"><strong>PRAIRIE &#8211; SALOON <\/strong><\/span><strong>Wunderlich\/Olias<\/strong> <strong>Regie<\/strong> <strong>Guido Huonder<\/strong><\/p>\n<p><strong>Neoptolemos<\/strong><strong><span style=\"color: #ff0000;\">\u00a0PHILOKTET\u00a0<\/span>Heiner M\u00fcller Regie Goswin Moniac<\/strong><\/p>\n<p><strong>Marc <\/strong><span style=\"color: #ff0000;\"><strong>KUNST <\/strong><\/span><strong>Yasmina Reza<\/strong> <strong>Regie<\/strong> <strong>Peter Seuven<\/strong><\/p>\n<p><strong>George Pigden<\/strong> <span style=\"color: #ff0000;\"><strong>AUSSER KONTROLLE<\/strong><\/span>\u00a0<strong>Ray Cooney<\/strong> <strong>Regie<\/strong> <strong>Axel St\u00f6cker<\/strong><\/p>\n<p><strong>Der Br\u00e4utigam<\/strong> <span style=\"color: #ff0000;\"><strong>KLEINB\u00dcRGERHOCHZEIT<\/strong><\/span>\u00a0<strong>Brecht<\/strong> <strong>Regie<\/strong> <strong>Olga Wildgruber<\/strong><\/p>\n<p><strong><span style=\"color: #ff0000;\">KARL VALENTIN<\/span> Programm<\/strong><strong>\u00a0Karl Valentin <\/strong><strong>Regie<\/strong><strong> Goswin Moniac<\/strong><\/p>\n<p><strong>Burschi<\/strong> <span style=\"color: #ff0000;\"><strong>KOLUMBUS AM HIMALAYA (UA)<\/strong><\/span>\u00a0<strong>Uwe Bautz<\/strong> <strong>Regie<\/strong> <strong>Uwe Bautz\/Olga Wildgruber<\/strong><\/p>\n<p><span style=\"color: #ff0000;\"><strong>FLEISCH (UA) <\/strong><\/span><strong>Peter Slavik <\/strong><strong>Regie<\/strong><strong> Christian R\u00f6mer<\/strong><\/p>\n<p><strong>Felix<\/strong> <span style=\"color: #ff0000;\"><strong>SPIEL`S NOCHMAL SAM<\/strong><\/span>\u00a0<strong>Woody Allen<\/strong> <strong>Regie<\/strong> <strong>Christoph Lissmann<\/strong><\/p>\n<p><strong>Fabrizio<\/strong> <span style=\"color: #ff0000;\"><strong>DIE WIRTIN<\/strong><\/span>\u00a0<strong>Peter Turini<\/strong> <strong>Regie<\/strong> <strong>Manfred Dietrich<\/strong><\/p>\n<p><strong>Woyzeck<\/strong> <span style=\"color: #ff0000;\"><strong>WOYZECK<\/strong><\/span>\u00a0<strong>B\u00fcchner<\/strong> <strong>Regie<\/strong> <strong>Maria Kross\/Uli Heising<\/strong><\/p>\n<p><strong>Galloudec<span style=\"color: #ff0000;\"> DER AUFTRAG<\/span> Heiner M\u00fcller Regie Matthias Heise<\/strong><\/p>\n","protected":false},"excerpt":{"rendered":"<p>ULYSSE 2\u00a0 PENELOPE\u00a0 Regie Andrea Breth BAYERISCHE STAATSOPER TOD JEDERMANN Regie Christian Doll Freilichtspiele Schw\u00e4bisch Hall Alfred Ill BESUCH DER ALTEN DAME R. Martin Kindervater Mainfrankentheater W\u00fcrzburg Beckmann Elbe Gott Oberst Einbeiniger DRAUSSEN VOR DER T\u00dcR Regie Sascha Hawemann Merkl Franz KASIMIR UND KAROLINE Horvath Regie Georg Schmiedleitner Biedermann BIEDERMANN UND DIE BRANDSTIFTER Max Frisch &hellip; <\/p>\n<p class=\"link-more\"><a href=\"https:\/\/www.StefanLorch.de\/?page_id=247\" class=\"more-link\"><span class=\"screen-reader-text\">\u201eRollen\u201c <\/span>weiterlesen<\/a><\/p>\n","protected":false},"author":2,"featured_media":0,"parent":0,"menu_order":0,"comment_status":"closed","ping_status":"open","template":"","meta":{"footnotes":""},"class_list":["post-247","page","type-page","status-publish","hentry"],"_links":{"self":[{"href":"https:\/\/www.StefanLorch.de\/index.php?rest_route=\/wp\/v2\/pages\/247","targetHints":{"allow":["GET"]}}],"collection":[{"href":"https:\/\/www.StefanLorch.de\/index.php?rest_route=\/wp\/v2\/pages"}],"about":[{"href":"https:\/\/www.StefanLorch.de\/index.php?rest_route=\/wp\/v2\/types\/page"}],"author":[{"embeddable":true,"href":"https:\/\/www.StefanLorch.de\/index.php?rest_route=\/wp\/v2\/users\/2"}],"replies":[{"embeddable":true,"href":"https:\/\/www.StefanLorch.de\/index.php?rest_route=%2Fwp%2Fv2%2Fcomments&post=247"}],"version-history":[{"count":71,"href":"https:\/\/www.StefanLorch.de\/index.php?rest_route=\/wp\/v2\/pages\/247\/revisions"}],"predecessor-version":[{"id":1773,"href":"https:\/\/www.StefanLorch.de\/index.php?rest_route=\/wp\/v2\/pages\/247\/revisions\/1773"}],"wp:attachment":[{"href":"https:\/\/www.StefanLorch.de\/index.php?rest_route=%2Fwp%2Fv2%2Fmedia&parent=247"}],"curies":[{"name":"wp","href":"https:\/\/api.w.org\/{rel}","templated":true}]}}