{"id":234,"date":"2012-04-24T13:08:21","date_gmt":"2012-04-24T13:08:21","guid":{"rendered":"http:\/\/s407518740.online.de\/wordpress\/?page_id=234"},"modified":"2025-09-24T11:21:57","modified_gmt":"2025-09-24T10:21:57","slug":"vita","status":"publish","type":"page","link":"https:\/\/www.StefanLorch.de\/?page_id=234","title":{"rendered":"Vita"},"content":{"rendered":"<p><strong><span style=\"color: #ff0000;\">2025<\/span><\/strong><\/p>\n<p><strong>Bayerische Staatsoper M\u00fcnchen Bayerische Opernfestspiele Inszenierung Andrea Breth<\/strong><\/p>\n<p><strong><span style=\"color: #ff0000;\">seit 2018<\/span><\/strong><\/p>\n<p><strong>Film und Fernsehen (Der Alte, Rosenheim Cops, ZDF, Sky, Netflix etc.)<\/strong><\/p>\n<p><strong><span style=\"color: #ff0000;\">2022<\/span><\/strong><\/p>\n<p><strong>Freilichtspiele Schw\u00e4bisch Hall<\/strong><\/p>\n<p><strong><span style=\"color: #ff0000;\">2018 bis 2020<\/span><\/strong><\/p>\n<p><strong>Mainfrankentheater W\u00fcrzburg<\/strong><\/p>\n<p><strong><span style=\"color: #ff0000;\">2016<\/span><\/strong><\/p>\n<p><strong>Film AZIZ beim Deutsch-T\u00fcrkischen Filmfestival in N\u00fcrnberg<\/strong><\/p>\n<p><strong><span style=\"color: #ff0000;\">2015 <\/span><\/strong><\/p>\n<p><strong>Theaterfestival am National Center for Performing Arts <\/strong><strong>in Peking (NCPA)\u00a0<\/strong><strong>mit TOD EINES HANDLUNGSREISENDEN<\/strong><\/p>\n<p><span style=\"color: #ff0000;\"><strong>2000 bis 2019<\/strong><\/span><\/p>\n<p><strong>Staatstheater N\u00fcrnberg<\/strong><\/p>\n<ul>\n<li><strong>Bayerischer Theaterpreis 2012 f\u00fcr<em> Woyzeck<\/em><\/strong><\/li>\n<li><strong>Bayerischer Jugendtheaterpreis 2012 f\u00fcr<em> Woyzeck<\/em><\/strong><\/li>\n<li><strong>N\u00fcrnberger Theaterpreis 2010 f\u00fcr <em>Ermittlung<\/em><\/strong><\/li>\n<li><strong>Ensemblepreis der Bayerischen Theatertage 2009 f\u00fcr <em>Maria Stuart<\/em><\/strong><\/li>\n<li><strong>Ensemblepreis der Bayerischen Theatertage 2002 f\u00fcr <em>Wienerwald<\/em><\/strong><\/li>\n<\/ul>\n<p><strong>Pocket Opera N\u00fcrnberg<\/strong><\/p>\n<p><span style=\"color: #ff0000;\"><strong>2000 \u2013 1997<\/strong><\/span><\/p>\n<p><strong>Landestheater Sachsen-Anhalt in Stendal<\/strong><\/p>\n<p><strong>Goethe-Festspiele Bad Lauchst\u00e4dt mit CLAVIGO<\/strong><\/p>\n<p><span style=\"color: #ff0000;\"><strong>1997 \u2013 1994<\/strong><\/span><\/p>\n<p><strong>Stadttheater Annaberg<\/strong><\/p>\n<p><span style=\"color: #ff0000;\"><strong>1992<\/strong><\/span><\/p>\n<p><strong>B\u00fchnen der Hansestadt L\u00fcbeck<\/strong><\/p>\n<p><span style=\"color: #ff0000;\"><strong>1994 \u2013 1991<\/strong><\/span><\/p>\n<p><strong>Freies Theater- und Filmschaffen in Berlin und Hamburg<\/strong><\/p>\n<p><strong>u.a. <em>Lehrbegehrst\u00fcck<\/em>\u00a0Malersaal\/Schauspielhaus Hamburg<\/strong><\/p>\n<p><span style=\"color: #ff0000;\"><strong>1994 \u2013 1991<\/strong><\/span><\/p>\n<p><strong>Schauspielstudium in Hamburg<\/strong><\/p>\n<p><span style=\"color: #ff0000;\"><strong>1991 &#8211; 1987<\/strong><\/span><\/p>\n<p><strong>Studium Publizistik, Philosophie und Theaterwissenschaft FU Berlin<\/strong><\/p>\n<p>&nbsp;<\/p>\n","protected":false},"excerpt":{"rendered":"<p>2025 Bayerische Staatsoper M\u00fcnchen Bayerische Opernfestspiele Inszenierung Andrea Breth seit 2018 Film und Fernsehen (Der Alte, Rosenheim Cops, ZDF, Sky, Netflix etc.) 2022 Freilichtspiele Schw\u00e4bisch Hall 2018 bis 2020 Mainfrankentheater W\u00fcrzburg 2016 Film AZIZ beim Deutsch-T\u00fcrkischen Filmfestival in N\u00fcrnberg 2015 Theaterfestival am National Center for Performing Arts in Peking (NCPA)\u00a0mit TOD EINES HANDLUNGSREISENDEN 2000 bis &hellip; <\/p>\n<p class=\"link-more\"><a href=\"https:\/\/www.StefanLorch.de\/?page_id=234\" class=\"more-link\"><span class=\"screen-reader-text\">\u201eVita\u201c <\/span>weiterlesen<\/a><\/p>\n","protected":false},"author":2,"featured_media":0,"parent":0,"menu_order":0,"comment_status":"closed","ping_status":"open","template":"","meta":{"footnotes":""},"class_list":["post-234","page","type-page","status-publish","hentry"],"_links":{"self":[{"href":"https:\/\/www.StefanLorch.de\/index.php?rest_route=\/wp\/v2\/pages\/234","targetHints":{"allow":["GET"]}}],"collection":[{"href":"https:\/\/www.StefanLorch.de\/index.php?rest_route=\/wp\/v2\/pages"}],"about":[{"href":"https:\/\/www.StefanLorch.de\/index.php?rest_route=\/wp\/v2\/types\/page"}],"author":[{"embeddable":true,"href":"https:\/\/www.StefanLorch.de\/index.php?rest_route=\/wp\/v2\/users\/2"}],"replies":[{"embeddable":true,"href":"https:\/\/www.StefanLorch.de\/index.php?rest_route=%2Fwp%2Fv2%2Fcomments&post=234"}],"version-history":[{"count":23,"href":"https:\/\/www.StefanLorch.de\/index.php?rest_route=\/wp\/v2\/pages\/234\/revisions"}],"predecessor-version":[{"id":1776,"href":"https:\/\/www.StefanLorch.de\/index.php?rest_route=\/wp\/v2\/pages\/234\/revisions\/1776"}],"wp:attachment":[{"href":"https:\/\/www.StefanLorch.de\/index.php?rest_route=%2Fwp%2Fv2%2Fmedia&parent=234"}],"curies":[{"name":"wp","href":"https:\/\/api.w.org\/{rel}","templated":true}]}}