{"id":17,"date":"2012-03-28T20:06:07","date_gmt":"2012-03-28T20:06:07","guid":{"rendered":"http:\/\/s407518740.online.de\/wordpress\/?page_id=17"},"modified":"2025-12-18T03:11:57","modified_gmt":"2025-12-18T02:11:57","slug":"presse","status":"publish","type":"page","link":"https:\/\/www.StefanLorch.de\/?page_id=17","title":{"rendered":"Anschauen"},"content":{"rendered":"<p><span style=\"color: #ff0000;\"><img loading=\"lazy\" decoding=\"async\" class=\"wp-image-1002 alignright\" title=\"Karl Valentin \" src=\"http:\/\/www.stefanlorch.de\/wp-content\/uploads\/2012\/03\/Karl-Valentin-Foto1-e1337378719529-300x226.jpg\" alt=\"\" width=\"371\" height=\"293\" \/><\/span><span style=\"color: #ccffff;\"><strong><br \/>\n<\/strong><\/span><\/p>\n<p><span style=\"color: #ff6600;\"><strong>&#8222;Minimale Bewegung und Stille er\u00f6ffnet intrinsisch einen Kosmos und sieht doch f\u00fcr den Au\u00dfenstehenden aus wie Stillstand.&#8220;<\/strong><\/span><\/p>\n<p><span style=\"color: #ff6600;\"><strong>\u00a0<\/strong><\/span><\/p>\n<p>&nbsp;<\/p>\n<p>&nbsp;<\/p>\n<p>&nbsp;<\/p>\n<p>&nbsp;<\/p>\n<p>Stefan Lorch als Karl Valentin<\/p>\n<p>&nbsp;<\/p>\n<p>&nbsp;<\/p>\n<p><span style=\"color: #ff0000;\"><strong><a style=\"color: #ff0000;\" href=\"http:\/\/www.StefanLorch.de\/?page_id=266\">PORTRAITS<\/a><\/strong><\/span><br \/>\n<span style=\"color: #ff0000;\"><strong><a style=\"color: #ff0000;\" href=\"http:\/\/www.StefanLorch.de\/?page_id=306\">INSZENIERUNGSFOTOS<\/a><\/strong><\/span><\/p>\n","protected":false},"excerpt":{"rendered":"<p>&#8222;Minimale Bewegung und Stille er\u00f6ffnet intrinsisch einen Kosmos und sieht doch f\u00fcr den Au\u00dfenstehenden aus wie Stillstand.&#8220; \u00a0 &nbsp; &nbsp; &nbsp; &nbsp; Stefan Lorch als Karl Valentin &nbsp; &nbsp; PORTRAITS INSZENIERUNGSFOTOS<\/p>\n","protected":false},"author":1,"featured_media":0,"parent":0,"menu_order":0,"comment_status":"open","ping_status":"open","template":"fullwidth.php","meta":{"footnotes":""},"class_list":["post-17","page","type-page","status-publish","hentry"],"_links":{"self":[{"href":"https:\/\/www.StefanLorch.de\/index.php?rest_route=\/wp\/v2\/pages\/17","targetHints":{"allow":["GET"]}}],"collection":[{"href":"https:\/\/www.StefanLorch.de\/index.php?rest_route=\/wp\/v2\/pages"}],"about":[{"href":"https:\/\/www.StefanLorch.de\/index.php?rest_route=\/wp\/v2\/types\/page"}],"author":[{"embeddable":true,"href":"https:\/\/www.StefanLorch.de\/index.php?rest_route=\/wp\/v2\/users\/1"}],"replies":[{"embeddable":true,"href":"https:\/\/www.StefanLorch.de\/index.php?rest_route=%2Fwp%2Fv2%2Fcomments&post=17"}],"version-history":[{"count":83,"href":"https:\/\/www.StefanLorch.de\/index.php?rest_route=\/wp\/v2\/pages\/17\/revisions"}],"predecessor-version":[{"id":1822,"href":"https:\/\/www.StefanLorch.de\/index.php?rest_route=\/wp\/v2\/pages\/17\/revisions\/1822"}],"wp:attachment":[{"href":"https:\/\/www.StefanLorch.de\/index.php?rest_route=%2Fwp%2Fv2%2Fmedia&parent=17"}],"curies":[{"name":"wp","href":"https:\/\/api.w.org\/{rel}","templated":true}]}}